{"id":19574,"date":"2020-11-30T17:58:51","date_gmt":"2020-11-30T16:58:51","guid":{"rendered":"https:\/\/sourcing-force.com\/webinar-merci-enregistrement\/"},"modified":"2021-11-02T23:06:09","modified_gmt":"2021-11-02T22:06:09","slug":"webinar-merci-enregistrement","status":"publish","type":"page","link":"https:\/\/sourcing-force.com\/en\/webinar-merci-enregistrement\/","title":{"rendered":"Thank you"},"content":{"rendered":"<p>[et_pb_section fb_built=&#8221;1&#8243; next_background_color=&#8221;#ffffff&#8221; admin_label=&#8221;Course Hero&#8221; module_class=&#8221;bandeau&#8221; _builder_version=&#8221;4.9.4&#8243; background_enable_color=&#8221;off&#8221; use_background_color_gradient=&#8221;on&#8221; background_color_gradient_start=&#8221;#f99f02&#8243; background_color_gradient_end=&#8221;#c27b8c&#8221; background_color_gradient_direction=&#8221;283deg&#8221; background_color_gradient_start_position=&#8221;40%&#8221; background_color_gradient_end_position=&#8221;95%&#8221; background_image=&#8221;https:\/\/sourcing-force.com\/wp-content\/uploads\/2021\/07\/rectangle-16.png&#8221; background_blend=&#8221;overlay&#8221; custom_margin=&#8221;||2px|||&#8221; custom_padding=&#8221;37px|0px|0px|0px|false|false&#8221; bottom_divider_style=&#8221;wave2&#8243; bottom_divider_height=&#8221;127px&#8221; bottom_divider_flip=&#8221;vertical|horizontal&#8221; animation_style=&#8221;slide&#8221; animation_direction=&#8221;top&#8221; animation_intensity_slide=&#8221;2%&#8221; locked=&#8221;off&#8221; global_colors_info=&#8221;{}&#8221;][et_pb_row _builder_version=&#8221;4.9.4&#8243; max_width=&#8221;1600px&#8221; custom_margin=&#8221;|||&#8221; custom_width_px=&#8221;1280px&#8221; global_colors_info=&#8221;{}&#8221;][et_pb_column type=&#8221;4_4&#8243; _builder_version=&#8221;3.25&#8243; custom_padding=&#8221;|||&#8221; global_colors_info=&#8221;{}&#8221; custom_padding__hover=&#8221;|||&#8221;][et_pb_text _builder_version=&#8221;4.9.4&#8243; _module_preset=&#8221;default&#8221; text_orientation=&#8221;center&#8221; global_colors_info=&#8221;{}&#8221;]<\/p>\n<p style=\"font-size: 3em; color: white;\"><strong>Thank you for your request!<\/strong><\/p>\n<p>[\/et_pb_text][et_pb_text _builder_version=&#8221;4.9.4&#8243; _module_preset=&#8221;default&#8221; text_orientation=&#8221;center&#8221; custom_padding=&#8221;||31px|||&#8221; global_colors_info=&#8221;{}&#8221;]<\/p>\n<p style=\"font-size: 1.5em; color: white; line-height: 1.5em;\">We have received your request, a confirmation email is on its way, watch your email box and your spam!<br \/>\n<br \/>\nWe wish you a nice day and remain at your disposal for any further information.<\/p>\n<p>[\/et_pb_text][et_pb_image src=&#8221;https:\/\/sourcing-force.com\/wp-content\/uploads\/2021\/07\/emails-amico.png&#8221; title_text=&#8221;Emails-amico&#8221; align=&#8221;center&#8221; src_tablet=&#8221;&#8221; src_phone=&#8221;&#8221; src_last_edited=&#8221;on|tablet&#8221; _builder_version=&#8221;4.9.4&#8243; _module_preset=&#8221;default&#8221; width=&#8221;59%&#8221; width_tablet=&#8221;79%&#8221; width_phone=&#8221;83%&#8221; width_last_edited=&#8221;on|phone&#8221; max_width=&#8221;100%&#8221; custom_padding=&#8221;12px|200px||200px|false|true&#8221; custom_padding_tablet=&#8221;9px|100px||100px|false|true&#8221; custom_padding_phone=&#8221;|50px||50px|false|true&#8221; custom_padding_last_edited=&#8221;on|desktop&#8221; global_colors_info=&#8221;{}&#8221;][\/et_pb_image][\/et_pb_column][\/et_pb_row][\/et_pb_section][et_pb_section fb_built=&#8221;1&#8243; _builder_version=&#8221;4.9.4&#8243; _module_preset=&#8221;default&#8221; custom_padding=&#8221;64px||115px|||&#8221; locked=&#8221;off&#8221; global_colors_info=&#8221;{}&#8221; disabled_on=&#8221;on|on|on&#8221; disabled=&#8221;on&#8221;][et_pb_row _builder_version=&#8221;4.9.4&#8243; _module_preset=&#8221;default&#8221; locked=&#8221;off&#8221; global_colors_info=&#8221;{}&#8221;][et_pb_column type=&#8221;4_4&#8243; _builder_version=&#8221;4.9.4&#8243; _module_preset=&#8221;default&#8221; global_colors_info=&#8221;{}&#8221;][et_pb_text _builder_version=&#8221;4.9.4&#8243; _module_preset=&#8221;default&#8221; text_orientation=&#8221;center&#8221; global_colors_info=&#8221;{}&#8221;]<\/p>\n<p style=\"font-size: 3em;\"><strong>Ne ratez pas nos derniers articles de blog !<\/strong><\/p>\n<p>[\/et_pb_text][\/et_pb_column][\/et_pb_row][et_pb_row _builder_version=&#8221;4.6.5&#8243; _module_preset=&#8221;default&#8221; custom_margin=&#8221;5px|auto||auto||&#8221; custom_padding=&#8221;54px|||||&#8221; border_color_all=&#8221;rgba(0,0,0,0)&#8221; locked=&#8221;off&#8221; global_colors_info=&#8221;{}&#8221;][et_pb_column type=&#8221;4_4&#8243; _builder_version=&#8221;4.6.5&#8243; _module_preset=&#8221;default&#8221; global_colors_info=&#8221;{}&#8221;][et_pb_blog fullwidth=&#8221;off&#8221; posts_number=&#8221;3&#8243; show_more=&#8221;on&#8221; show_author=&#8221;off&#8221; show_date=&#8221;off&#8221; show_pagination=&#8221;off&#8221; _builder_version=&#8221;4.6.5&#8243; _module_preset=&#8221;default&#8221; header_font_size=&#8221;21px&#8221; box_shadow_style=&#8221;preset1&#8243; box_shadow_blur=&#8221;16px&#8221; box_shadow_spread=&#8221;2px&#8221; global_colors_info=&#8221;{}&#8221;][\/et_pb_blog][\/et_pb_column][\/et_pb_row][et_pb_row _builder_version=&#8221;4.9.4&#8243; _module_preset=&#8221;default&#8221; global_colors_info=&#8221;{}&#8221;][et_pb_column type=&#8221;4_4&#8243; _builder_version=&#8221;4.9.4&#8243; _module_preset=&#8221;default&#8221; global_colors_info=&#8221;{}&#8221;][et_pb_button button_url=&#8221;https:\/\/sourcing-force.com\/en\/blog-en\/&#8221; button_text=&#8221;Voir tous les articles&#8221; button_alignment=&#8221;center&#8221; _builder_version=&#8221;4.9.4&#8243; _module_preset=&#8221;default&#8221; global_colors_info=&#8221;{}&#8221;][\/et_pb_button][\/et_pb_column][\/et_pb_row][\/et_pb_section][et_pb_section fb_built=&#8221;1&#8243; _builder_version=&#8221;4.9.4&#8243; _module_preset=&#8221;default&#8221; background_image=&#8221;https:\/\/sourcing-force.com\/wp-content\/uploads\/2021\/07\/rectangle-16.png&#8221; locked=&#8221;off&#8221; global_colors_info=&#8221;{}&#8221; disabled_on=&#8221;on|on|on&#8221; disabled=&#8221;on&#8221;][et_pb_row _builder_version=&#8221;4.9.4&#8243; _module_preset=&#8221;default&#8221; global_colors_info=&#8221;{}&#8221;][et_pb_column type=&#8221;4_4&#8243; _builder_version=&#8221;4.9.4&#8243; _module_preset=&#8221;default&#8221; global_colors_info=&#8221;{}&#8221;][et_pb_text _builder_version=&#8221;4.9.4&#8243; _module_preset=&#8221;default&#8221; text_orientation=&#8221;center&#8221; locked=&#8221;off&#8221; global_colors_info=&#8221;{}&#8221;]<\/p>\n<p style=\"font-size: 3em;color:white\"><strong>Livres blanc \u00e0 t\u00e9l\u00e9charger gratuitement :<br \/><\/strong><\/p>\n<p>[\/et_pb_text][\/et_pb_column][\/et_pb_row][et_pb_row column_structure=&#8221;1_3,1_3,1_3&#8243; _builder_version=&#8221;4.9.4&#8243; _module_preset=&#8221;default&#8221; background_color=&#8221;RGBA(0,0,0,0)&#8221; global_colors_info=&#8221;{}&#8221;][et_pb_column type=&#8221;1_3&#8243; _builder_version=&#8221;4.9.4&#8243; _module_preset=&#8221;default&#8221; global_colors_info=&#8221;{}&#8221;][et_pb_image src=&#8221;https:\/\/sourcing-force.com\/wp-content\/uploads\/2021\/04\/livreblanc-pourquoiaije.jpg&#8221; title_text=&#8221;livreblanc-pourquoiaije&#8221; url=&#8221;https:\/\/www.buymadeeasy.com\/pourquoi-ai-je-besoin-dune-solution-e-achat\/&#8221; url_new_window=&#8221;on&#8221; _builder_version=&#8221;4.9.4&#8243; _module_preset=&#8221;default&#8221; background_color=&#8221;RGBA(0,0,0,0)&#8221; custom_padding=&#8221;|40px||40px||true&#8221; box_shadow_style=&#8221;preset4&#8243; global_colors_info=&#8221;{}&#8221;][\/et_pb_image][\/et_pb_column][et_pb_column type=&#8221;1_3&#8243; _builder_version=&#8221;4.9.4&#8243; _module_preset=&#8221;default&#8221; global_colors_info=&#8221;{}&#8221;][et_pb_image src=&#8221;https:\/\/sourcing-force.com\/wp-content\/uploads\/2021\/07\/optimisez-vos-achats.jpg&#8221; title_text=&#8221;optimisez-vos-achats&#8221; url=&#8221;https:\/\/www.buymadeeasy.com\/optimisez-vos-achats-de-classe-c\/&#8221; url_new_window=&#8221;on&#8221; _builder_version=&#8221;4.9.4&#8243; _module_preset=&#8221;default&#8221; background_color=&#8221;RGBA(0,0,0,0)&#8221; custom_padding=&#8221;|40px||40px||true&#8221; box_shadow_style=&#8221;preset4&#8243; global_colors_info=&#8221;{}&#8221;][\/et_pb_image][\/et_pb_column][et_pb_column type=&#8221;1_3&#8243; _builder_version=&#8221;4.9.4&#8243; _module_preset=&#8221;default&#8221; global_colors_info=&#8221;{}&#8221;][et_pb_image src=&#8221;https:\/\/sourcing-force.com\/wp-content\/uploads\/2021\/07\/digitaliser-les-achats-dans-le-secteur-de-la-sante.jpg&#8221; alt=&#8221;Les entreprises ne peuvent plus absorber \u00e0 la fois les co\u00fbts de R&#038;D, de contr\u00f4le sanitaires et d\u2019internationalisation. Elles doivent rationaliser et cela passe par digitaliser les Achats dans le secteur de la Sant\u00e9.&#8221; title_text=&#8221;digitaliser les achats dans le secteur de la sant\u00e9&#8221; url=&#8221;https:\/\/sourcing-force.com\/digitaliser-les-achats-dans-le-secteur-de-la-sante\/&#8221; url_new_window=&#8221;on&#8221; _builder_version=&#8221;4.9.4&#8243; _module_preset=&#8221;default&#8221; background_color=&#8221;RGBA(0,0,0,0)&#8221; custom_padding=&#8221;|40px||40px||true&#8221; box_shadow_style=&#8221;preset4&#8243; global_colors_info=&#8221;{}&#8221;][\/et_pb_image][\/et_pb_column][\/et_pb_row][et_pb_row _builder_version=&#8221;4.9.4&#8243; _module_preset=&#8221;default&#8221; locked=&#8221;off&#8221; global_colors_info=&#8221;{}&#8221;][et_pb_column type=&#8221;4_4&#8243; _builder_version=&#8221;4.9.4&#8243; _module_preset=&#8221;default&#8221; global_colors_info=&#8221;{}&#8221;][et_pb_button button_url=&#8221;https:\/\/sourcing-force.com\/livres-blancs\/&#8221; url_new_window=&#8221;on&#8221; button_text=&#8221;Voir tous les livres blanc&#8221; button_alignment=&#8221;center&#8221; _builder_version=&#8221;4.9.4&#8243; _module_preset=&#8221;default&#8221; custom_button=&#8221;on&#8221; button_text_color=&#8221;#FFFFFF&#8221; global_colors_info=&#8221;{}&#8221;][\/et_pb_button][\/et_pb_column][\/et_pb_row][\/et_pb_section][et_pb_section fb_built=&#8221;1&#8243; _builder_version=&#8221;4.9.4&#8243; _module_preset=&#8221;default&#8221; custom_padding=&#8221;||0px|||&#8221; locked=&#8221;off&#8221; global_colors_info=&#8221;{}&#8221;][\/et_pb_section][et_pb_section fb_built=&#8221;1&#8243; _builder_version=&#8221;4.9.4&#8243; _module_preset=&#8221;default&#8221; background_color=&#8221;#f9f9f9&#8243; locked=&#8221;off&#8221; global_colors_info=&#8221;{}&#8221;][et_pb_row _builder_version=&#8221;4.9.4&#8243; _module_preset=&#8221;default&#8221; custom_margin=&#8221;|auto|51px|auto||&#8221; global_colors_info=&#8221;{}&#8221;][et_pb_column type=&#8221;4_4&#8243; _builder_version=&#8221;4.9.4&#8243; _module_preset=&#8221;default&#8221; global_colors_info=&#8221;{}&#8221;][et_pb_text _builder_version=&#8221;4.9.4&#8243; _module_preset=&#8221;default&#8221; text_orientation=&#8221;center&#8221; custom_margin=&#8221;||69px|||&#8221; locked=&#8221;off&#8221; global_colors_info=&#8221;{}&#8221;]<\/p>\n<p style=\"font-size: 2.5em;\"><strong><strong>Would you like more information about Sourcing Force? <br \/>\nTalk directly to a purchasing expert:<\/strong><\/strong><\/p>\n<p>[\/et_pb_text][et_pb_image src=&#8221;https:\/\/sourcing-force.com\/wp-content\/uploads\/2021\/07\/capture.jpg&#8221; title_text=&#8221;Capture&#8221; url=&#8221;https:\/\/app.hubspot.com\/meetings\/jferrer&#8221; url_new_window=&#8221;on&#8221; align=&#8221;center&#8221; src_tablet=&#8221;&#8221; src_phone=&#8221;&#8221; src_last_edited=&#8221;on|tablet&#8221; _builder_version=&#8221;4.9.4&#8243; _module_preset=&#8221;default&#8221; width=&#8221;67%&#8221; width_tablet=&#8221;&#8221; width_phone=&#8221;&#8221; width_last_edited=&#8221;on|tablet&#8221; custom_padding=&#8221;|200px||200px|false|true&#8221; custom_padding_tablet=&#8221;|10px||10px|false|true&#8221; custom_padding_phone=&#8221;&#8221; custom_padding_last_edited=&#8221;on|desktop&#8221; border_radii=&#8221;on|12px|12px|12px|12px&#8221; global_colors_info=&#8221;{}&#8221;][\/et_pb_image][et_pb_button button_url=&#8221;https:\/\/app.hubspot.com\/meetings\/jferrer&#8221; url_new_window=&#8221;on&#8221; button_text=&#8221;Make an appointment&#8221; button_alignment=&#8221;center&#8221; _builder_version=&#8221;4.9.4&#8243; _module_preset=&#8221;default&#8221; global_colors_info=&#8221;{}&#8221;][\/et_pb_button][\/et_pb_column][\/et_pb_row][\/et_pb_section]<\/p>\n","protected":false},"excerpt":{"rendered":"<p>Thank you for your request!We have received your request, a confirmation email is on its way, watch your email box and your spam! We wish you a nice day and remain at your disposal for any further information.Ne ratez pas nos derniers articles de blog !Livres blanc \u00e0 t\u00e9l\u00e9charger gratuitement :Would you like more information [&hellip;]<\/p>\n","protected":false},"author":2,"featured_media":0,"parent":0,"menu_order":0,"comment_status":"closed","ping_status":"closed","template":"page-template-blank.php","meta":{"_et_pb_use_builder":"on","_et_pb_old_content":"","_et_gb_content_width":"","footnotes":""},"class_list":["post-19574","page","type-page","status-publish","hentry"],"yoast_head":"<!-- This site is optimized with the Yoast SEO plugin v27.4 - https:\/\/yoast.com\/product\/yoast-seo-wordpress\/ -->\n<title>Thank you - Sourcing Force<\/title>\n<meta name=\"robots\" content=\"index, follow, max-snippet:-1, max-image-preview:large, max-video-preview:-1\" \/>\n<link rel=\"canonical\" href=\"https:\/\/sourcing-force.com\/en\/webinar-merci-enregistrement\/\" \/>\n<meta property=\"og:locale\" content=\"en_US\" \/>\n<meta property=\"og:type\" content=\"article\" \/>\n<meta property=\"og:title\" content=\"Thank you - Sourcing Force\" \/>\n<meta property=\"og:description\" content=\"Thank you for your request!We have received your request, a confirmation email is on its way, watch your email box and your spam! We wish you a nice day and remain at your disposal for any further information.Ne ratez pas nos derniers articles de blog !Livres blanc \u00e0 t\u00e9l\u00e9charger gratuitement :Would you like more information [&hellip;]\" \/>\n<meta property=\"og:url\" content=\"https:\/\/sourcing-force.com\/en\/webinar-merci-enregistrement\/\" \/>\n<meta property=\"og:site_name\" content=\"Sourcing Force\" \/>\n<meta property=\"article:modified_time\" content=\"2021-11-02T22:06:09+00:00\" \/>\n<meta name=\"twitter:card\" content=\"summary_large_image\" \/>\n<meta name=\"twitter:site\" content=\"@SourcingForce\" \/>\n<meta name=\"twitter:label1\" content=\"Est. reading time\" \/>\n\t<meta name=\"twitter:data1\" content=\"6 minutes\" \/>\n<script type=\"application\/ld+json\" class=\"yoast-schema-graph\">{\"@context\":\"https:\\\/\\\/schema.org\",\"@graph\":[{\"@type\":\"WebPage\",\"@id\":\"https:\\\/\\\/sourcing-force.com\\\/en\\\/webinar-merci-enregistrement\\\/\",\"url\":\"https:\\\/\\\/sourcing-force.com\\\/en\\\/webinar-merci-enregistrement\\\/\",\"name\":\"Thank you - Sourcing Force\",\"isPartOf\":{\"@id\":\"https:\\\/\\\/sourcing-force.com\\\/#website\"},\"datePublished\":\"2020-11-30T16:58:51+00:00\",\"dateModified\":\"2021-11-02T22:06:09+00:00\",\"breadcrumb\":{\"@id\":\"https:\\\/\\\/sourcing-force.com\\\/en\\\/webinar-merci-enregistrement\\\/#breadcrumb\"},\"inLanguage\":\"en-US\",\"potentialAction\":[{\"@type\":\"ReadAction\",\"target\":[\"https:\\\/\\\/sourcing-force.com\\\/en\\\/webinar-merci-enregistrement\\\/\"]}]},{\"@type\":\"BreadcrumbList\",\"@id\":\"https:\\\/\\\/sourcing-force.com\\\/en\\\/webinar-merci-enregistrement\\\/#breadcrumb\",\"itemListElement\":[{\"@type\":\"ListItem\",\"position\":1,\"name\":\"Accueil\",\"item\":\"https:\\\/\\\/sourcing-force.com\\\/en\\\/\"},{\"@type\":\"ListItem\",\"position\":2,\"name\":\"Thank you\"}]},{\"@type\":\"WebSite\",\"@id\":\"https:\\\/\\\/sourcing-force.com\\\/#website\",\"url\":\"https:\\\/\\\/sourcing-force.com\\\/\",\"name\":\"Sourcing Force\",\"description\":\"Digitalisez l\u2019int\u00e9gralit\u00e9 de votre processus Achat !\",\"potentialAction\":[{\"@type\":\"SearchAction\",\"target\":{\"@type\":\"EntryPoint\",\"urlTemplate\":\"https:\\\/\\\/sourcing-force.com\\\/?s={search_term_string}\"},\"query-input\":{\"@type\":\"PropertyValueSpecification\",\"valueRequired\":true,\"valueName\":\"search_term_string\"}}],\"inLanguage\":\"en-US\"}]}<\/script>\n<!-- \/ Yoast SEO plugin. -->","yoast_head_json":{"title":"Thank you - Sourcing Force","robots":{"index":"index","follow":"follow","max-snippet":"max-snippet:-1","max-image-preview":"max-image-preview:large","max-video-preview":"max-video-preview:-1"},"canonical":"https:\/\/sourcing-force.com\/en\/webinar-merci-enregistrement\/","og_locale":"en_US","og_type":"article","og_title":"Thank you - Sourcing Force","og_description":"Thank you for your request!We have received your request, a confirmation email is on its way, watch your email box and your spam! We wish you a nice day and remain at your disposal for any further information.Ne ratez pas nos derniers articles de blog !Livres blanc \u00e0 t\u00e9l\u00e9charger gratuitement :Would you like more information [&hellip;]","og_url":"https:\/\/sourcing-force.com\/en\/webinar-merci-enregistrement\/","og_site_name":"Sourcing Force","article_modified_time":"2021-11-02T22:06:09+00:00","twitter_card":"summary_large_image","twitter_site":"@SourcingForce","twitter_misc":{"Est. reading time":"6 minutes"},"schema":{"@context":"https:\/\/schema.org","@graph":[{"@type":"WebPage","@id":"https:\/\/sourcing-force.com\/en\/webinar-merci-enregistrement\/","url":"https:\/\/sourcing-force.com\/en\/webinar-merci-enregistrement\/","name":"Thank you - Sourcing Force","isPartOf":{"@id":"https:\/\/sourcing-force.com\/#website"},"datePublished":"2020-11-30T16:58:51+00:00","dateModified":"2021-11-02T22:06:09+00:00","breadcrumb":{"@id":"https:\/\/sourcing-force.com\/en\/webinar-merci-enregistrement\/#breadcrumb"},"inLanguage":"en-US","potentialAction":[{"@type":"ReadAction","target":["https:\/\/sourcing-force.com\/en\/webinar-merci-enregistrement\/"]}]},{"@type":"BreadcrumbList","@id":"https:\/\/sourcing-force.com\/en\/webinar-merci-enregistrement\/#breadcrumb","itemListElement":[{"@type":"ListItem","position":1,"name":"Accueil","item":"https:\/\/sourcing-force.com\/en\/"},{"@type":"ListItem","position":2,"name":"Thank you"}]},{"@type":"WebSite","@id":"https:\/\/sourcing-force.com\/#website","url":"https:\/\/sourcing-force.com\/","name":"Sourcing Force","description":"Digitalisez l\u2019int\u00e9gralit\u00e9 de votre processus Achat !","potentialAction":[{"@type":"SearchAction","target":{"@type":"EntryPoint","urlTemplate":"https:\/\/sourcing-force.com\/?s={search_term_string}"},"query-input":{"@type":"PropertyValueSpecification","valueRequired":true,"valueName":"search_term_string"}}],"inLanguage":"en-US"}]}},"_links":{"self":[{"href":"https:\/\/sourcing-force.com\/en\/wp-json\/wp\/v2\/pages\/19574","targetHints":{"allow":["GET"]}}],"collection":[{"href":"https:\/\/sourcing-force.com\/en\/wp-json\/wp\/v2\/pages"}],"about":[{"href":"https:\/\/sourcing-force.com\/en\/wp-json\/wp\/v2\/types\/page"}],"author":[{"embeddable":true,"href":"https:\/\/sourcing-force.com\/en\/wp-json\/wp\/v2\/users\/2"}],"replies":[{"embeddable":true,"href":"https:\/\/sourcing-force.com\/en\/wp-json\/wp\/v2\/comments?post=19574"}],"version-history":[{"count":5,"href":"https:\/\/sourcing-force.com\/en\/wp-json\/wp\/v2\/pages\/19574\/revisions"}],"predecessor-version":[{"id":19579,"href":"https:\/\/sourcing-force.com\/en\/wp-json\/wp\/v2\/pages\/19574\/revisions\/19579"}],"wp:attachment":[{"href":"https:\/\/sourcing-force.com\/en\/wp-json\/wp\/v2\/media?parent=19574"}],"curies":[{"name":"wp","href":"https:\/\/api.w.org\/{rel}","templated":true}]}}